{"id":4549,"date":"2025-01-20T11:10:06","date_gmt":"2025-01-20T09:10:06","guid":{"rendered":"https:\/\/electrotrade.fi\/medelspanningsprodukter\/"},"modified":"2025-03-26T18:13:22","modified_gmt":"2025-03-26T16:13:22","slug":"medelspanningsprodukter","status":"publish","type":"page","link":"https:\/\/electrotrade.fi\/sv\/medelspanningsprodukter\/","title":{"rendered":"Medelsp\u00e4nningsprodukter"},"content":{"rendered":"\n<div class=\"wp-block-columns is-layout-flex wp-container-core-columns-is-layout-9d6595d7 wp-block-columns-is-layout-flex\">\n<div class=\"wp-block-column is-layout-flow wp-block-column-is-layout-flow\" style=\"flex-basis:66.66%\">\n<h1 class=\"wp-block-heading has-blue-color has-text-color has-link-color wp-elements-e5e7eacca852cc5357a5fa98a6db581e\">Medelsp\u00e4nningsprodukter<\/h1>\n\n\n\n<p>Alpha Prime: L\u00f6sningar f\u00f6r prim\u00e4r- och sekund\u00e4rdistribution. Utrustningen \u00e4r p\u00e5litlig, l\u00e4tt att anv\u00e4nda och s\u00e4ker. Den \u00e4r baserad p\u00e5 designen av kritiska element.\u00a0<\/p>\n\n\n\n<ul class=\"wp-block-list\">\n<li>Metallinkapslad prim\u00e4rbrytare \u2013 AIS\u00a0<\/li>\n\n\n\n<li>Vakuumbrytare \u2013 f\u00f6r inomhus- och utomhusbruk\u00a0<\/li>\n\n\n\n<li>Ringhuvudenhet (RMU) \u2013 AIS och GIS\u00a0<\/li>\n<\/ul>\n\n\n\n<h3 class=\"wp-block-heading\">Gasisolerad (RMU)\u00a0<\/h3>\n\n\n\n<p>Ringhuvudenhet \u00e4r underh\u00e5llsfri och l\u00e4mplig f\u00f6r sekund\u00e4rdistributionsbehov upp till 36 kV. Den \u00e4r l\u00e4mplig f\u00f6r b\u00e5de inomhus- och utomhusbruk. Strukturen \u00e4r modul\u00e4r och expanderbar. Produkten kombinerar utm\u00e4rkt gasisoleringsteknik och expertis inom tillverkning av metallh\u00f6ljen f\u00f6r mellansp\u00e4nning. Enheterna \u00e4r helt slutna system med en rostfri st\u00e5ltank. Tanken inneh\u00e5ller alla str\u00f6mf\u00f6rande delar och kopplingsfunktioner.\u00a0<\/p>\n\n\n\n<h3 class=\"wp-block-heading\">Luftisolerad\u00a0<\/h3>\n\n\n\n<p>Alpha VL Vacuum: designad f\u00f6r extrem s\u00e4kerhet och prestanda.&nbsp;<\/p>\n\n\n\n<p>Alpha Prime \u00e4r typgodk\u00e4nd enligt IEC-standarder och har metallinkapslade huvudenheter. Vid en intern ljusb\u00e5ge leder tryckavlastningsluckor gaserna ovanf\u00f6r enheten. Str\u00f6mskenan \u00e4r helt isolerad och intern ljusb\u00e5gsutbredning f\u00f6rhindras mellan enheterna. Polerna p\u00e5 brytaren (VCB) kr\u00e4ver inget underh\u00e5ll.&nbsp;<\/p>\n\n\n\n<h3 class=\"wp-block-heading\">Transformatorer\u00a0<\/h3>\n\n\n\n<p>Ett brett utbud av krafttransformatorer uppfyller kraven f\u00f6r m\u00e5nga applikationer, s\u00e5som kraft\u00f6verf\u00f6ringsn\u00e4t och distributionsn\u00e4t f\u00f6r industri- och kommersiella byggnader. Exempel p\u00e5 applikationer inkluderar olje- och gasindustrin (O&amp;G), kemisk industri, stenindustrins produktionsanl\u00e4ggningar, pappers- och st\u00e5lverk, skolor, sjukhus och kontorsbyggnader.\u00a0<\/p>\n\n\n\n<p><strong>Konstruktion\u00a0<\/strong><\/p>\n\n\n\n<ul class=\"wp-block-list\">\n<li>V\u00e4tskefylld \u2013 ventilerad torr typ\u00a0<\/li>\n\n\n\n<li>Gjuten spole \u2013 plattformsmonterad\u00a0<\/li>\n<\/ul>\n\n\n\n<div style=\"height:16px\" aria-hidden=\"true\" class=\"wp-block-spacer\"><\/div>\n\n\n\n<figure class=\"wp-block-gallery has-nested-images columns-default wp-block-gallery-1 is-layout-flex wp-block-gallery-is-layout-flex\">\n<figure class=\"wp-block-image size-large\"><a href=\"https:\/\/electrotrade.fi\/wp-content\/uploads\/2025\/01\/albs-12-24kv.jpg\"><img loading=\"lazy\" decoding=\"async\" width=\"800\" height=\"800\" data-id=\"4330\" src=\"https:\/\/electrotrade.fi\/wp-content\/uploads\/2025\/01\/albs-12-24kv.jpg\" alt=\"\" class=\"wp-image-4330\" srcset=\"https:\/\/electrotrade.fi\/wp-content\/uploads\/2025\/01\/albs-12-24kv.jpg 800w, https:\/\/electrotrade.fi\/wp-content\/uploads\/2025\/01\/albs-12-24kv-300x300.jpg 300w, https:\/\/electrotrade.fi\/wp-content\/uploads\/2025\/01\/albs-12-24kv-150x150.jpg 150w, https:\/\/electrotrade.fi\/wp-content\/uploads\/2025\/01\/albs-12-24kv-768x768.jpg 768w, https:\/\/electrotrade.fi\/wp-content\/uploads\/2025\/01\/albs-12-24kv-400x400.jpg 400w, https:\/\/electrotrade.fi\/wp-content\/uploads\/2025\/01\/albs-12-24kv-600x600.jpg 600w\" sizes=\"auto, (max-width: 800px) 100vw, 800px\" \/><\/a><\/figure>\n\n\n\n<figure class=\"wp-block-image size-large\"><a href=\"https:\/\/electrotrade.fi\/wp-content\/uploads\/2025\/01\/keskijannite-2.png\"><img loading=\"lazy\" decoding=\"async\" width=\"735\" height=\"637\" data-id=\"4329\" src=\"https:\/\/electrotrade.fi\/wp-content\/uploads\/2025\/01\/keskijannite-2.png\" alt=\"\" class=\"wp-image-4329\" srcset=\"https:\/\/electrotrade.fi\/wp-content\/uploads\/2025\/01\/keskijannite-2.png 735w, https:\/\/electrotrade.fi\/wp-content\/uploads\/2025\/01\/keskijannite-2-300x260.png 300w\" sizes=\"auto, (max-width: 735px) 100vw, 735px\" \/><\/a><\/figure>\n\n\n\n<figure class=\"wp-block-image size-large\"><a href=\"https:\/\/electrotrade.fi\/wp-content\/uploads\/2025\/01\/alpha-series-sf6-gas-insulated-ring-main-unit.jpg\"><img loading=\"lazy\" decoding=\"async\" width=\"800\" height=\"800\" data-id=\"4328\" src=\"https:\/\/electrotrade.fi\/wp-content\/uploads\/2025\/01\/alpha-series-sf6-gas-insulated-ring-main-unit.jpg\" alt=\"\" class=\"wp-image-4328\" srcset=\"https:\/\/electrotrade.fi\/wp-content\/uploads\/2025\/01\/alpha-series-sf6-gas-insulated-ring-main-unit.jpg 800w, https:\/\/electrotrade.fi\/wp-content\/uploads\/2025\/01\/alpha-series-sf6-gas-insulated-ring-main-unit-300x300.jpg 300w, https:\/\/electrotrade.fi\/wp-content\/uploads\/2025\/01\/alpha-series-sf6-gas-insulated-ring-main-unit-150x150.jpg 150w, https:\/\/electrotrade.fi\/wp-content\/uploads\/2025\/01\/alpha-series-sf6-gas-insulated-ring-main-unit-768x768.jpg 768w, https:\/\/electrotrade.fi\/wp-content\/uploads\/2025\/01\/alpha-series-sf6-gas-insulated-ring-main-unit-400x400.jpg 400w, https:\/\/electrotrade.fi\/wp-content\/uploads\/2025\/01\/alpha-series-sf6-gas-insulated-ring-main-unit-600x600.jpg 600w\" sizes=\"auto, (max-width: 800px) 100vw, 800px\" \/><\/a><\/figure>\n<\/figure>\n<\/div>\n\n\n\n<div class=\"wp-block-column is-layout-flow wp-block-column-is-layout-flow\" style=\"flex-basis:33.33%\">\n<figure class=\"wp-block-image size-full is-resized\"><img loading=\"lazy\" decoding=\"async\" width=\"554\" height=\"158\" src=\"https:\/\/electrotrade.fi\/wp-content\/uploads\/2025\/01\/554px-westinghouse-logo-and-wordmarksvg.png\" alt=\"\" class=\"wp-image-4265\" style=\"width:299px;height:auto\" srcset=\"https:\/\/electrotrade.fi\/wp-content\/uploads\/2025\/01\/554px-westinghouse-logo-and-wordmarksvg.png 554w, https:\/\/electrotrade.fi\/wp-content\/uploads\/2025\/01\/554px-westinghouse-logo-and-wordmarksvg-300x86.png 300w\" sizes=\"auto, (max-width: 554px) 100vw, 554px\" \/><\/figure>\n\n\n\n<p><strong>Broschyrer om produkter<\/strong><\/p>\n\n\n\n<ul class=\"wp-block-list pdf-list\">\n<li><a href=\"https:\/\/electrotrade.fi\/wp-content\/uploads\/2025\/01\/albs-12-24kv.pdf\" target=\"_blank\" rel=\"noopener\" title=\"\">Alpha load break switch ALBS-12\/24kV<\/a><\/li>\n\n\n\n<li><a href=\"https:\/\/electrotrade.fi\/wp-content\/uploads\/2025\/01\/alpha-prime.pdf\" target=\"_blank\" rel=\"noopener\" title=\"\">Alpha prime P\/V 12kV-24kV AC metal enclosed switchgear<\/a><\/li>\n\n\n\n<li><a href=\"https:\/\/electrotrade.fi\/wp-content\/uploads\/2025\/01\/alpha-rmu.pdf\" target=\"_blank\" rel=\"noopener\" title=\"\">Alpha RMU Air insulated RMU 12kV-24kV<\/a><\/li>\n\n\n\n<li><a href=\"https:\/\/electrotrade.fi\/wp-content\/uploads\/2025\/01\/westinghouse-alpha-series12-24kv-catalog.pdf\" target=\"_blank\" rel=\"noopener\" title=\"\">Alpha series SF6 Ring main unit 12kV up to 24kV<\/a><\/li>\n\n\n\n<li><a href=\"https:\/\/electrotrade.fi\/wp-content\/uploads\/2025\/01\/westinghouse-alpha-prime-medium-voltage-metal-clad-switchgear.pdf\" target=\"_blank\" rel=\"noopener\" title=\"\">Alpha VL medium voltage vacuum circuit breaker<\/a><\/li>\n\n\n\n<li><a href=\"https:\/\/electrotrade.fi\/wp-content\/uploads\/2025\/01\/alpha-vl.pdf\" target=\"_blank\" rel=\"noopener\" title=\"\">Alpha prime AIS 3,3-40,5kV<\/a><\/li>\n\n\n\n<li><a href=\"https:\/\/electrotrade.fi\/wp-content\/uploads\/2025\/01\/westinghouse-alpha-prime-medium-voltage-metal-clad-switchgear.pdf\" target=\"_blank\" rel=\"noopener\" title=\"\">Alpha prime medium voltade metal-clad switchgear<\/a><\/li>\n\n\n\n<li><a href=\"https:\/\/electrotrade.fi\/wp-content\/uploads\/2025\/01\/westinghouse-alpha-series-gis-rmu-405kv-catalog.pdf\">Alpha series SF6 gas insulated ring main unit<\/a><\/li>\n\n\n\n<li><a href=\"https:\/\/electrotrade.fi\/wp-content\/uploads\/2025\/01\/westinghouse-alpha-series-gas-insulated-metal-enclosed-switchgear.pdf\" target=\"_blank\" rel=\"noopener\" title=\"\">Alpha series gas insulated metal-enclosed switchgear<\/a><\/li>\n\n\n\n<li><a href=\"https:\/\/electrotrade.fi\/wp-content\/uploads\/2025\/01\/alpha-series-rmu.pdf\" target=\"_blank\" rel=\"noopener\" title=\"\">Alpha series sf6 gas insulated ring main unit 12kV-24kV, 1250A-25kA<\/a><\/li>\n\n\n\n<li><a href=\"https:\/\/electrotrade.fi\/wp-content\/uploads\/2025\/01\/westinghouse-transformer-v110124.pdf\" target=\"_blank\" rel=\"noopener\" title=\"\">Transformer<\/a><\/li>\n\n\n\n<li><a href=\"https:\/\/electrotrade.fi\/wp-content\/uploads\/2025\/01\/alpha-power-series-busway-1.pdf\" target=\"_blank\" rel=\"noopener\" title=\"\">Alpha Power series Busway<\/a><\/li>\n<\/ul>\n<\/div>\n<\/div>\n","protected":false},"excerpt":{"rendered":"<p>Medelsp\u00e4nningsprodukter Alpha Prime: L\u00f6sningar f\u00f6r prim\u00e4r- och sekund\u00e4rdistribution. Utrustningen \u00e4r p\u00e5litlig, l\u00e4tt att anv\u00e4nda och s\u00e4ker. Den \u00e4r baserad p\u00e5 designen av kritiska element.\u00a0 Gasisolerad (RMU)\u00a0 Ringhuvudenhet \u00e4r underh\u00e5llsfri och l\u00e4mplig f\u00f6r sekund\u00e4rdistributionsbehov upp till 36 kV. Den \u00e4r l\u00e4mplig f\u00f6r b\u00e5de inomhus- och utomhusbruk. Strukturen \u00e4r modul\u00e4r och expanderbar. Produkten kombinerar utm\u00e4rkt gasisoleringsteknik och [&hellip;]<\/p>\n","protected":false},"author":1,"featured_media":0,"parent":0,"menu_order":0,"comment_status":"closed","ping_status":"closed","template":"","meta":{"_acf_changed":false,"footnotes":""},"class_list":["post-4549","page","type-page","status-publish","hentry"],"acf":[],"aioseo_notices":[],"_links":{"self":[{"href":"https:\/\/electrotrade.fi\/sv\/wp-json\/wp\/v2\/pages\/4549","targetHints":{"allow":["GET"]}}],"collection":[{"href":"https:\/\/electrotrade.fi\/sv\/wp-json\/wp\/v2\/pages"}],"about":[{"href":"https:\/\/electrotrade.fi\/sv\/wp-json\/wp\/v2\/types\/page"}],"author":[{"embeddable":true,"href":"https:\/\/electrotrade.fi\/sv\/wp-json\/wp\/v2\/users\/1"}],"replies":[{"embeddable":true,"href":"https:\/\/electrotrade.fi\/sv\/wp-json\/wp\/v2\/comments?post=4549"}],"version-history":[{"count":1,"href":"https:\/\/electrotrade.fi\/sv\/wp-json\/wp\/v2\/pages\/4549\/revisions"}],"predecessor-version":[{"id":4565,"href":"https:\/\/electrotrade.fi\/sv\/wp-json\/wp\/v2\/pages\/4549\/revisions\/4565"}],"wp:attachment":[{"href":"https:\/\/electrotrade.fi\/sv\/wp-json\/wp\/v2\/media?parent=4549"}],"curies":[{"name":"wp","href":"https:\/\/api.w.org\/{rel}","templated":true}]}}