{"id":4554,"date":"2021-09-28T13:58:57","date_gmt":"2021-09-28T10:58:57","guid":{"rendered":"https:\/\/electrotrade.fi\/tietosuojaseloste\/"},"modified":"2025-03-26T18:17:08","modified_gmt":"2025-03-26T16:17:08","slug":"integritetspolicy","status":"publish","type":"page","link":"https:\/\/electrotrade.fi\/sv\/integritetspolicy\/","title":{"rendered":"Integritetspolicy"},"content":{"rendered":"\n<p><strong>1. Registeransvarig<\/strong><\/p>\n\n\n\n<p>Electro Trade Oy<br>Y-tunnus: 3375346-3<\/p>\n\n\n\n<p>Tel: 050 376 1198<\/p>\n\n\n\n<p><strong>2. Handl\u00e4ggare av register\u00e4renden<\/strong><\/p>\n\n\n\n<p>Petri Lahtinen<br>050 376 1198<br>info@electrotrade.fi<\/p>\n\n\n\n<p><strong>3. Registrets namn<\/strong><br>Electro Trade Oy:s marknadsf\u00f6rings och analysregister<\/p>\n\n\n<p class=\"wp-block-site-title\">Electro Trade Oy<\/p>\n\n\n<p><strong>4. Avsikten med att behandla personuppgifter<\/strong><br>Avsikten med registret \u00e4r att sk\u00f6ta kundrelationen mellan den registeransvariga och kunden samt marknadsf\u00f6ring och kommunikation. Registerhanteringen och handl\u00e4ggningen av uppgifter kan \u00f6verl\u00e5tas \u00e5t den registeransvarigas samarbetspartner som har f\u00f6rbundit sig att f\u00f6lja denna registerbeskrivning.<\/p>\n\n\n\n<p><strong>5. Registrets datainneh\u00e5ll<\/strong><br>Registret kan inneh\u00e5lla f\u00f6ljande uppgifter om en kund:<br>\u2013 Namn<br>\u2013 Telefonnummer<br>\u2013 Adress<br>\u2013 E-postadress<br>\u2013 Organisationens namn och FO-nummer<br>\u2013 Kontaktlogg<\/p>\n\n\n\n<p><strong>6. Regelm\u00e4ssiga informationsk\u00e4llor<\/strong><br>Till registret samlas uppgifter fr\u00e5n den registeransvarigas kunddatabas och fr\u00e5n verktyget som f\u00f6ljer upp webbplatsens bes\u00f6kare, \u00f6ppna k\u00e4llor p\u00e5 internet och \u00f6vriga offentliga k\u00e4llor samt gratis och avgiftsbelagda k\u00e4llor.<\/p>\n\n\n\n<p><strong>7. Regelm\u00e4ssig \u00f6verl\u00e5telse av data<\/strong><br>Den registeransvariga \u00f6verl\u00e5ter inte uppgifter \u00e5t utomst\u00e5ende bortsett fr\u00e5n den registeransvarigas samarbetspartner som avses i punkt 4 eller n\u00e4r en \u00f6verl\u00e5telse f\u00f6ruts\u00e4tts av finska myndigheter.<\/p>\n\n\n\n<p><strong>8. \u00d6verf\u00f6ring av uppgifter till stater utanf\u00f6r EU eller EES<\/strong><br>I huvudsak \u00f6verf\u00f6rs inga personuppgifter till l\u00e4nder utanf\u00f6r den Europeiska unionen eller det Europeiska ekonomiska samarbetsomr\u00e5det.<\/p>\n\n\n\n<p><strong>9. Principer f\u00f6r skydd av registret<\/strong><br>Personuppgifterna lagras konfidentiellt. Den registeransvarigas och dess eventuella datapartners informationsn\u00e4tverk och utrustningen d\u00e4r registret finns har skyddats med en brandmur och \u00f6vriga n\u00f6dv\u00e4ndiga tekniska \u00e5tg\u00e4rder.<\/p>\n\n\n\n<p><strong>10. Kakor<\/strong><br>Den registeransvariga kan anv\u00e4nda kakor p\u00e5 sina sidor f\u00f6r att f\u00f6rb\u00e4ttra anv\u00e4ndarupplevelsen. Kakor \u00e4r en textfil som sparas p\u00e5 anv\u00e4ndarens dator n\u00e4r denna bes\u00f6ker en sajt. Filen inneh\u00e5ller uppgifter som anv\u00e4nds bl.a. till marknadsf\u00f6ring och f\u00f6r att utveckla sajten. Med hj\u00e4lp av kakor samlar man in uppgifter om hur sajten anv\u00e4nds. Anv\u00e4ndarens identitet framg\u00e5r inte med st\u00f6d av kakorna. En anv\u00e4ndare kan avl\u00e4gsna kakorna fr\u00e5n webbl\u00e4sarens inst\u00e4llningar. Den registeransvariga garanterar inte att sajten fungerar p\u00e5 r\u00e4tt s\u00e4tt efter detta.<\/p>\n","protected":false},"excerpt":{"rendered":"<p>1. Registeransvarig Electro Trade OyY-tunnus: 3375346-3 Tel: 050 376 1198 2. Handl\u00e4ggare av register\u00e4renden Petri Lahtinen050 376 1198info@electrotrade.fi 3. Registrets namnElectro Trade Oy:s marknadsf\u00f6rings och analysregister 4. Avsikten med att behandla personuppgifterAvsikten med registret \u00e4r att sk\u00f6ta kundrelationen mellan den registeransvariga och kunden samt marknadsf\u00f6ring och kommunikation. Registerhanteringen och handl\u00e4ggningen av uppgifter kan \u00f6verl\u00e5tas \u00e5t [&hellip;]<\/p>\n","protected":false},"author":1,"featured_media":0,"parent":0,"menu_order":9999,"comment_status":"closed","ping_status":"closed","template":"","meta":{"_acf_changed":false,"footnotes":""},"class_list":["post-4554","page","type-page","status-publish","hentry"],"acf":[],"aioseo_notices":[],"_links":{"self":[{"href":"https:\/\/electrotrade.fi\/sv\/wp-json\/wp\/v2\/pages\/4554","targetHints":{"allow":["GET"]}}],"collection":[{"href":"https:\/\/electrotrade.fi\/sv\/wp-json\/wp\/v2\/pages"}],"about":[{"href":"https:\/\/electrotrade.fi\/sv\/wp-json\/wp\/v2\/types\/page"}],"author":[{"embeddable":true,"href":"https:\/\/electrotrade.fi\/sv\/wp-json\/wp\/v2\/users\/1"}],"replies":[{"embeddable":true,"href":"https:\/\/electrotrade.fi\/sv\/wp-json\/wp\/v2\/comments?post=4554"}],"version-history":[{"count":3,"href":"https:\/\/electrotrade.fi\/sv\/wp-json\/wp\/v2\/pages\/4554\/revisions"}],"predecessor-version":[{"id":4570,"href":"https:\/\/electrotrade.fi\/sv\/wp-json\/wp\/v2\/pages\/4554\/revisions\/4570"}],"wp:attachment":[{"href":"https:\/\/electrotrade.fi\/sv\/wp-json\/wp\/v2\/media?parent=4554"}],"curies":[{"name":"wp","href":"https:\/\/api.w.org\/{rel}","templated":true}]}}