{"id":4559,"date":"2021-09-28T14:42:32","date_gmt":"2021-09-28T11:42:32","guid":{"rendered":"https:\/\/electrotrade.fi\/hemsida\/"},"modified":"2025-03-26T18:25:16","modified_gmt":"2025-03-26T16:25:16","slug":"hemsida","status":"publish","type":"page","link":"https:\/\/electrotrade.fi\/sv\/","title":{"rendered":"Hemsida"},"content":{"rendered":"\r\n\r\n<section class=\"hero site-banner banner-bg-image section-default default alignfull image\">\r\n\r\n    <div class=\"site-banner-bg section-bg-image \" >\r\n\r\n        <img loading=\"lazy\" decoding=\"async\" width=\"1920\" height=\"1280\" src=\"https:\/\/electrotrade.fi\/wp-content\/uploads\/2025\/01\/power-switch.jpg\" class=\"attachment-1536\u00d71536 size-1536\u00d71536\" alt=\"\" srcset=\"https:\/\/electrotrade.fi\/wp-content\/uploads\/2025\/01\/power-switch.jpg 1920w, https:\/\/electrotrade.fi\/wp-content\/uploads\/2025\/01\/power-switch-300x200.jpg 300w, https:\/\/electrotrade.fi\/wp-content\/uploads\/2025\/01\/power-switch-1024x683.jpg 1024w, https:\/\/electrotrade.fi\/wp-content\/uploads\/2025\/01\/power-switch-768x512.jpg 768w, https:\/\/electrotrade.fi\/wp-content\/uploads\/2025\/01\/power-switch-1536x1024.jpg 1536w\" sizes=\"auto, (max-width: 1920px) 100vw, 1920px\" \/>\r\n        \r\n            <div class=\"site-banner-content container\">\r\n                <div class=\"row w-100\">\r\n                    <div class=\"col-md-12\">\r\n\r\n                                                        <div class=\"site-banner-logo\"><img decoding=\"async\" src=\" https:\/\/electrotrade.fi\/wp-content\/uploads\/2025\/01\/electrotrade-logo.png\" alt=\"Electro Trade Oy\" \/>\r\n                                <\/div>\r\n                        <div class=\"inner-content\">\r\n                            <div class=\"acf-innerblocks-container\">\n\n<h2 class=\"wp-block-heading\">Nordisk import\u00f6r av Westinghouse LVMV-produkter<\/h2>\n\n<\/div>\r\n                        <\/div>                    <\/div>\r\n                <\/div>\r\n            <\/div>\r\n        \r\n        <\/div><\/section>\n\n\n<div class=\"wp-block-columns is-style-narrow is-layout-flex wp-container-core-columns-is-layout-9d6595d7 wp-block-columns-is-layout-flex\">\n<div class=\"wp-block-column is-layout-flow wp-block-column-is-layout-flow\">\n<h2 class=\"wp-block-heading has-blue-color has-text-color has-link-color wp-elements-868dc829d73c8caf7b17aa92a7d71dc2\">Westinghouse \u2013 n\u00e4r du beh\u00f6ver en p\u00e5litlig partner f\u00f6r s\u00e4ker elektrifiering och eldistribution.<\/h2>\n\n\n\n<ul class=\"wp-block-list\">\n<li>En mer fungerande vardag sedan 1886.<\/li>\n\n\n\n<li>Ett globalt traditionellt varum\u00e4rke, \u00f6ver 130 \u00e5r av produktinnovationer.<\/li>\n\n\n\n<li>Perfekta produkter, kreativa tj\u00e4nster och konkurrenskraftiga priser.<\/li>\n<\/ul>\n\n\n\n<p>Westinghouse har l\u00e4nge varit ett p\u00e5litligt namn inom konsument- och industriprodukter v\u00e4rlden \u00f6ver. Byggt p\u00e5 ett arv av innovation och entrepren\u00f6rsanda, anv\u00e4ndes Westinghouse-produkter f\u00f6r att distribuera den f\u00f6rsta v\u00e4xelstr\u00f6mmen i USA och f\u00f6r att s\u00e4nda den f\u00f6rsta kommersiella radiouts\u00e4ndningen. De f\u00f6rsta m\u00e4nskliga stegen p\u00e5 m\u00e5nen spelades in med hj\u00e4lp av Westinghouse-produkter.&nbsp;<\/p>\n\n\n\n<p>Idag forts\u00e4tter Westinghouse att ut\u00f6ka sitt m\u00e5ngsidiga sortiment. Det omfattande produktsortimentet inkluderar hush\u00e5llsapparater, konsumentelektronik, belysningsprodukter och kraftgenereringsutrustning.&nbsp;<\/p>\n\n\n\n<div style=\"height:16px\" aria-hidden=\"true\" class=\"wp-block-spacer\"><\/div>\n\n\n<div class=\"wp-block-image\">\n<figure class=\"aligncenter size-full is-resized\"><a href=\"https:\/\/www.westinghouselvmv.com\/\" target=\"_blank\" rel=\" noreferrer noopener\"><img loading=\"lazy\" decoding=\"async\" width=\"554\" height=\"158\" src=\"https:\/\/electrotrade.fi\/wp-content\/uploads\/2025\/01\/554px-westinghouse-logo-and-wordmarksvg.png\" alt=\"\" class=\"wp-image-4265\" style=\"width:335px;height:auto\" srcset=\"https:\/\/electrotrade.fi\/wp-content\/uploads\/2025\/01\/554px-westinghouse-logo-and-wordmarksvg.png 554w, https:\/\/electrotrade.fi\/wp-content\/uploads\/2025\/01\/554px-westinghouse-logo-and-wordmarksvg-300x86.png 300w\" sizes=\"auto, (max-width: 554px) 100vw, 554px\" \/><\/a><\/figure>\n<\/div><\/div>\n<\/div>\n\n\n\n<div class=\"wp-block-group alignfull has-light-gray-background-color has-background\"><div class=\"wp-block-group__inner-container is-layout-constrained wp-block-group-is-layout-constrained\">\n<div class=\"wp-block-group is-style-default is-nowrap is-layout-flex wp-container-core-group-is-layout-ad2f72ca wp-block-group-is-layout-flex\">\n<div class=\"wp-block-columns nosto-kuva-ja-teksti is-layout-flex wp-container-core-columns-is-layout-9d6595d7 wp-block-columns-is-layout-flex\">\n<div class=\"wp-block-column has-blue-background-color has-background is-layout-flow wp-block-column-is-layout-flow\">\n<figure class=\"wp-block-image size-full\"><img loading=\"lazy\" decoding=\"async\" width=\"533\" height=\"800\" src=\"https:\/\/electrotrade.fi\/wp-content\/uploads\/2025\/01\/w6086171.jpg\" alt=\"\" class=\"wp-image-4288\" srcset=\"https:\/\/electrotrade.fi\/wp-content\/uploads\/2025\/01\/w6086171.jpg 533w, https:\/\/electrotrade.fi\/wp-content\/uploads\/2025\/01\/w6086171-200x300.jpg 200w\" sizes=\"auto, (max-width: 533px) 100vw, 533px\" \/><\/figure>\n\n\n\n<h2 class=\"wp-block-heading has-white-color has-text-color has-link-color wp-elements-13ae07698bc980ae4d339709e89e8078\">L\u00e5gsp\u00e4nnings\u00adprodukter<\/h2>\n\n\n\n<p class=\"nosto-kuva-ja-teksti has-white-color has-text-color has-link-color wp-elements-4ff79628d5447c475410bc22b2d9e920\">L\u00e5gsp\u00e4nningsst\u00e4llverk och komponenter f\u00f6r eldistribution.<\/p>\n\n\n\n<div class=\"wp-block-buttons is-layout-flex wp-block-buttons-is-layout-flex\">\n<div class=\"wp-block-button is-style-fill\"><a class=\"wp-block-button__link has-white-background-color has-background wp-element-button\" href=\"https:\/\/electrotrade.fi\/sv\/lagspanningsprodukter\/\">L\u00e4s mer<\/a><\/div>\n<\/div>\n<\/div>\n\n\n\n<div class=\"wp-block-column has-blue-background-color has-background is-layout-flow wp-block-column-is-layout-flow\">\n<figure class=\"wp-block-image size-full\"><img loading=\"lazy\" decoding=\"async\" width=\"735\" height=\"637\" src=\"https:\/\/electrotrade.fi\/wp-content\/uploads\/2025\/01\/keskijannite-2.png\" alt=\"\" class=\"wp-image-4329\" srcset=\"https:\/\/electrotrade.fi\/wp-content\/uploads\/2025\/01\/keskijannite-2.png 735w, https:\/\/electrotrade.fi\/wp-content\/uploads\/2025\/01\/keskijannite-2-300x260.png 300w\" sizes=\"auto, (max-width: 735px) 100vw, 735px\" \/><\/figure>\n\n\n\n<h2 class=\"wp-block-heading has-white-color has-text-color has-link-color wp-elements-66d23bd05a3ae016946485b3f7263df0\">Medelsp\u00e4nnings\u00adprodukter<\/h2>\n\n\n\n<p class=\"nosto-kuva-ja-teksti has-white-color has-text-color has-link-color wp-elements-d0fa40d52d37f10045d63eccc5701001\">Mellansp\u00e4nningsst\u00e4llverk, skyddsanordningar och transformatorer m.m.<\/p>\n\n\n\n<div class=\"wp-block-buttons is-layout-flex wp-block-buttons-is-layout-flex\">\n<div class=\"wp-block-button is-style-fill\"><a class=\"wp-block-button__link has-white-background-color has-background wp-element-button\" href=\"https:\/\/electrotrade.fi\/sv\/medelspanningsprodukter\/\">L\u00e4s mer<\/a><\/div>\n<\/div>\n<\/div>\n\n\n\n<div class=\"wp-block-column has-blue-background-color has-background is-layout-flow wp-block-column-is-layout-flow\">\n<figure class=\"wp-block-image size-full\"><img loading=\"lazy\" decoding=\"async\" width=\"316\" height=\"244\" src=\"https:\/\/electrotrade.fi\/wp-content\/uploads\/2025\/01\/110-transformer.jpg\" alt=\"\" class=\"wp-image-4331\" srcset=\"https:\/\/electrotrade.fi\/wp-content\/uploads\/2025\/01\/110-transformer.jpg 316w, https:\/\/electrotrade.fi\/wp-content\/uploads\/2025\/01\/110-transformer-300x232.jpg 300w\" sizes=\"auto, (max-width: 316px) 100vw, 316px\" \/><\/figure>\n\n\n\n<h2 class=\"wp-block-heading has-white-color has-text-color has-link-color wp-elements-5b1c930ce210fb876abe8a82e180ebe9\">H\u00f6gsp\u00e4nnings\u00adprodukter<\/h2>\n\n\n\n<p class=\"nosto-kuva-ja-teksti has-white-color has-text-color has-link-color wp-elements-ebb67c8b5e44bdafa45d4398b801ee87\">H\u00f6gsp\u00e4nningstransformatorer<\/p>\n\n\n\n<div class=\"wp-block-buttons is-layout-flex wp-block-buttons-is-layout-flex\">\n<div class=\"wp-block-button is-style-fill\"><a class=\"wp-block-button__link has-white-background-color has-background wp-element-button\" href=\"https:\/\/electrotrade.fi\/sv\/hogspanningsprodukter\/\">L\u00e4s mer<\/a><\/div>\n<\/div>\n<\/div>\n<\/div>\n<\/div>\n<\/div><\/div>\n\n\n\n<div class=\"wp-block-cover alignfull is-light is-style-blur-image\"><span aria-hidden=\"true\" class=\"wp-block-cover__background has-light-gray-background-color has-background-dim-70 has-background-dim\"><\/span><img loading=\"lazy\" decoding=\"async\" width=\"1920\" height=\"1280\" class=\"wp-block-cover__image-background wp-image-4213\" alt=\"\" src=\"https:\/\/electrotrade.fi\/wp-content\/uploads\/2025\/01\/power-switch.jpg\" data-object-fit=\"cover\" srcset=\"https:\/\/electrotrade.fi\/wp-content\/uploads\/2025\/01\/power-switch.jpg 1920w, https:\/\/electrotrade.fi\/wp-content\/uploads\/2025\/01\/power-switch-300x200.jpg 300w, https:\/\/electrotrade.fi\/wp-content\/uploads\/2025\/01\/power-switch-1024x683.jpg 1024w, https:\/\/electrotrade.fi\/wp-content\/uploads\/2025\/01\/power-switch-768x512.jpg 768w, https:\/\/electrotrade.fi\/wp-content\/uploads\/2025\/01\/power-switch-1536x1024.jpg 1536w\" sizes=\"auto, (max-width: 1920px) 100vw, 1920px\" \/><div class=\"wp-block-cover__inner-container is-layout-flow wp-block-cover-is-layout-flow\">\n<h2 class=\"wp-block-heading has-text-align-center has-black-color has-text-color\">Fr\u00e5ga mer om v\u00e5ra produkter<\/h2>\n\n\n\n<div class=\"wp-block-buttons mb-0 mt-3 is-content-justification-center is-layout-flex wp-container-core-buttons-is-layout-28206b41 wp-block-buttons-is-layout-flex\">\n<div class=\"wp-block-button is-style-fill\"><a class=\"wp-block-button__link wp-element-button\" href=\"https:\/\/electrotrade.fi\/sv\/kontakt\/\">Kontakta oss<\/a><\/div>\n<\/div>\n<\/div><\/div>\n","protected":false},"excerpt":{"rendered":"<p>Westinghouse \u2013 n\u00e4r du beh\u00f6ver en p\u00e5litlig partner f\u00f6r s\u00e4ker elektrifiering och eldistribution. Westinghouse har l\u00e4nge varit ett p\u00e5litligt namn inom konsument- och industriprodukter v\u00e4rlden \u00f6ver. Byggt p\u00e5 ett arv av innovation och entrepren\u00f6rsanda, anv\u00e4ndes Westinghouse-produkter f\u00f6r att distribuera den f\u00f6rsta v\u00e4xelstr\u00f6mmen i USA och f\u00f6r att s\u00e4nda den f\u00f6rsta kommersiella radiouts\u00e4ndningen. De f\u00f6rsta m\u00e4nskliga [&hellip;]<\/p>\n","protected":false},"author":1,"featured_media":0,"parent":0,"menu_order":1,"comment_status":"closed","ping_status":"closed","template":"","meta":{"_acf_changed":false,"footnotes":""},"class_list":["post-4559","page","type-page","status-publish","hentry"],"acf":[],"aioseo_notices":[],"_links":{"self":[{"href":"https:\/\/electrotrade.fi\/sv\/wp-json\/wp\/v2\/pages\/4559","targetHints":{"allow":["GET"]}}],"collection":[{"href":"https:\/\/electrotrade.fi\/sv\/wp-json\/wp\/v2\/pages"}],"about":[{"href":"https:\/\/electrotrade.fi\/sv\/wp-json\/wp\/v2\/types\/page"}],"author":[{"embeddable":true,"href":"https:\/\/electrotrade.fi\/sv\/wp-json\/wp\/v2\/users\/1"}],"replies":[{"embeddable":true,"href":"https:\/\/electrotrade.fi\/sv\/wp-json\/wp\/v2\/comments?post=4559"}],"version-history":[{"count":2,"href":"https:\/\/electrotrade.fi\/sv\/wp-json\/wp\/v2\/pages\/4559\/revisions"}],"predecessor-version":[{"id":4585,"href":"https:\/\/electrotrade.fi\/sv\/wp-json\/wp\/v2\/pages\/4559\/revisions\/4585"}],"wp:attachment":[{"href":"https:\/\/electrotrade.fi\/sv\/wp-json\/wp\/v2\/media?parent=4559"}],"curies":[{"name":"wp","href":"https:\/\/api.w.org\/{rel}","templated":true}]}}